{"id":33,"date":"2019-08-14T00:27:52","date_gmt":"2019-08-14T00:27:52","guid":{"rendered":"http:\/\/eduardosubirats.com\/?page_id=33"},"modified":"2019-08-14T00:31:13","modified_gmt":"2019-08-14T00:31:13","slug":"bibliografia","status":"publish","type":"page","link":"https:\/\/eduardosubirats.com\/es\/bibliografia\/","title":{"rendered":"Bibliografia"},"content":{"rendered":"\n<h2 class=\"wp-block-heading\">Books<\/h2>\n\n\n\n<h3 class=\"wp-block-heading\">1979<\/h3>\n\n\n\n<p><strong>Figuras de la conciencia desdichada<\/strong> (Madrid: Taurus Ediciones)\n<br><strong>Contra la raz\u00f3n destructiva<\/strong> (Barcelona: Tusquets Editores)<\/p>\n\n\n\n<h3 class=\"wp-block-heading\">1981<\/h3>\n\n\n\n<p><strong>La ilustraci\u00f3n insuficiente<\/strong> (Madrid: Taurus Ediciones)<\/p>\n\n\n\n<h3 class=\"wp-block-heading\">1983<\/h3>\n\n\n\n<p><strong>El alma y la muerte<\/strong>, (Barcelona: Ediciones Anthropos)<\/p>\n\n\n\n<h3 class=\"wp-block-heading\">1984<\/h3>\n\n\n\n<p><strong>Da vanguarda ao p\u00f3s-moderno<\/strong> (S\u00e3o Paulo: Editora Nobel).\n<br>Reprints 1985, 1987.\n<br>Spanish version: <strong>La crisis de las vanguardias y la cultura moderna<\/strong> (Madrid: Ediciones Libertarias, 1985).\n<br>Reprint: <strong>El final de las vanguardias<\/strong> (Barcelona: Ediciones Anthropos, 1989)<\/p>\n\n\n\n<h3 class=\"wp-block-heading\">1987<\/h3>\n\n\n\n<p><strong>La flor y el cristal<\/strong> (Barcelona: Ediciones Anthropos)\n<br><strong>Paisajems da solid\u00e3o<\/strong> (S\u00e3o Paulo: Livraria Duas Cidades)\n<br><strong>Metamorfosis de la cultura moderna<\/strong> (Barcelona: Ediciones Anthropos)<\/p>\n\n\n\n<h3 class=\"wp-block-heading\">1988<\/h3>\n\n\n\n<p><strong>La cultura como espect\u00e1culo<\/strong> (Madrid: Fondo de Cultura Econ\u00f3mica). (Portuguese edition: S\u00e3o Paulo: Nobel, 1989)\n<br>Reviewed reprint: <strong>Culturas virtuales<\/strong> (M\u00e9xico: Ediciones Coyoac\u00e1n, 2001).\n<br>(Madrid: Editorial Ciencia Nueva, 2001)<\/p>\n\n\n\n<h3 class=\"wp-block-heading\">1990<\/h3>\n\n\n\n<p><strong>Raz\u00f3n y nihilismo<\/strong> (M\u00e9xico: Bold\u00f3 i Climent, 1990)<\/p>\n\n\n\n<h3 class=\"wp-block-heading\">1992<\/h3>\n\n\n\n<p><strong>La transfiguraci\u00f3n de la noche: Hugh Ferriss y la utop\u00eda de la metr\u00f3poli moderna<\/strong> (M\u00e1laga: Colegio de Arquitectos)\n<br><strong>Los malos d\u00edas pasar\u00e1n<\/strong> (Caracas: Angria Ediciones)<\/p>\n\n\n\n<h3 class=\"wp-block-heading\">1993<\/h3>\n\n\n\n<p><strong>Vanguarda, m\u00eddia, metr\u00f3poles<\/strong> (S\u00e3o Paulo: Studio Nobel)\n<br><strong>Despu\u00e9s de la lluvia<\/strong> (Madrid: Editorial Temas de Hoy)<\/p>\n\n\n\n<h3 class=\"wp-block-heading\">1994<\/h3>\n\n\n\n<p><strong>El continente vac\u00edo. La conquista del Nuevo Mundo y la conciencia moderna<\/strong> (Madrid: Anaya &amp; Mario Muchnik; M\u00e9xico: Siglo XXI). Third enhanced edition: Universidad de Cartagena; Universidad de Cali, 2011); Fourth edition: Universidad Los Lagos\/Guadalajara, 2019)\n<br><strong>Am\u00e9rica o la memoria hist\u00f3rica<\/strong> (Caracas: Monte \u00c1vila Editores)<\/p>\n\n\n\n<h3 class=\"wp-block-heading\">1995<\/h3>\n\n\n\n<p><strong>Espa\u00f1a: Miradas fin de siglo<\/strong> (Madrid: Akal Ediciones)<\/p>\n\n\n\n<h3 class=\"wp-block-heading\">1997<\/h3>\n\n\n\n<p><strong>Linterna M\u00e1gica. Vanguardias, media y cultura tardomoderna<\/strong> (Madrid: Ediciones Siruela)<\/p>\n\n\n\n<h3 class=\"wp-block-heading\">1998<\/h3>\n\n\n\n<p><strong>Sobre la libertad. Notas de Viaje<\/strong> (Madrid: Anaya)<\/p>\n\n\n\n<h3 class=\"wp-block-heading\">2001<\/h3>\n\n\n\n<p><strong>A pen\u00faltima vis\u00e3o do Para\u00edso<\/strong> (S\u00e3o Paulo: Studio Nobel)<\/p>\n\n\n\n<h3 class=\"wp-block-heading\">2003<\/h3>\n\n\n\n<p><strong>El reino de la belleza<\/strong> (M\u00e9xico: Fondo de Cultura Econ\u00f3mica, Tecnol\u00f3gico deMonterrey)\n<br><strong>Memoria y exilio<\/strong> (Madrid: Editorial Losada). Second reviewed and enlarged edition: <strong>La recuperaci\u00f3n de la memoria<\/strong> (Montesinos: Barcelona, 2016)<\/p>\n\n\n\n<h3 class=\"wp-block-heading\">2004<\/h3>\n\n\n\n<p><strong>Una \u00faltima visi\u00f3n del Para\u00edso<\/strong>. (M\u00e9xico, Fondo de Cultura Econ\u00f3mica). (Extended Spanish version of A pen\u00faltima vis\u00e3o do Paraiso, 2001)<\/p>\n\n\n\n<h3 class=\"wp-block-heading\">2005<\/h3>\n\n\n\n<p><strong>Viaje al fin del Para\u00edso. Un ensayo sobre Am\u00e9rica latina<\/strong> (Madrid: Editorial Losada)\n<br><strong>Las estrategias del espect\u00e1culo<\/strong> (Murcia: CENDEAC) 83 p. (Second expanded edition: Monterrey, Universidad Aut\u00f3noma de Nuevo Le\u00f3n, 2007)<\/p>\n\n\n\n<h3 class=\"wp-block-heading\">2006<\/h3>\n\n\n\n<p><strong>Violencia y Civilizaci\u00f3n<\/strong> (Madrid: Editorial Losada)\n<br><strong>La existencia sitiada<\/strong> (M\u00e9xico: Editorial Fineo)<\/p>\n\n\n\n<h3 class=\"wp-block-heading\">2009<\/h3>\n\n\n\n<p><strong>Las po\u00e9ticas colonizadas de Am\u00e9rica latina<\/strong> (Guanajuato, M\u00e9xico: Universidad de Guanajuato)<\/p>\n\n\n\n<h3 class=\"wp-block-heading\">2010<\/h3>\n\n\n\n<p><strong>Filosof\u00eda y tiempo final<\/strong> (L. Estudillo ed.) (Madrid: Fineo Editorial) Reprint: Puebla: Afinita Editorial, 2014)\n<br><strong>El arte en una edad de destrucci\u00f3n<\/strong> (Madrid: Editorial Ciencia Nueva)<\/p>\n\n\n\n<h3 class=\"wp-block-heading\">2011<\/h3>\n\n\n\n<p><strong>Proceso a la civilizaci\u00f3n. La cr\u00edtica de la modernidad en la Historia del Cine<\/strong> (Barcelona: Editorial Montesinos)<\/p>\n\n\n\n<h3 class=\"wp-block-heading\">2013<\/h3>\n\n\n\n<p><strong>Para\u00edso. Ensayos sobre Am\u00e9rica Latina<\/strong> (M\u00e9xico: Fondo de Cultura Econ\u00f3mica, 2013), e-book.<\/p>\n\n\n\n<h3 class=\"wp-block-heading\">2014<\/h3>\n\n\n\n<p><strong>Mito y literatura<\/strong> (M\u00e9xico: Siglo XXI)\n<br><strong>Deconstrucciones hisp\u00e1nicas<\/strong> (M\u00e9xico: EDAF)<\/p>\n\n\n\n<h3 class=\"wp-block-heading\">2015<\/h3>\n\n\n\n<p><strong>El universo dividido<\/strong> (Fineo: M\u00e9xico)<\/p>\n\n\n\n<h3 class=\"wp-block-heading\">2016<\/h3>\n\n\n\n<p><strong>Una edad de destrucci\u00f3n<\/strong> (Fineo: M\u00e9xico)\n<br><strong>Spectacle of Enlightenment: The Bulgaria Essays<\/strong> (with Ch. Britt, Paul Fenn, Anita Pantin) (Accountable Publishing)<\/p>\n\n\n\n<h3 class=\"wp-block-heading\">2017<\/h3>\n\n\n\n<p><strong>S\u00edmbolos, trazas, signos: As pinturas de Jorge Castillo<\/strong> (Pontevedra: Diputaci\u00f3n de Pontevedra)<\/p>\n\n\n\n<h3 class=\"wp-block-heading\">2018<\/h3>\n\n\n\n<p><strong>Enlightenment in an Age of Destruction<\/strong> (with Ch. Britt, P. Fenn) (New York: Palgrave McMilan)\n<br><strong>El muralismo mexicano. Mito y esclarecimiento<\/strong> (Fondo de Cultura Econ\u00f3mica: M\u00e9xico)<\/p>\n\n\n\n<h3 class=\"wp-block-heading\">2019<\/h3>\n\n\n\n<p><strong>Crisis y cr\u00edtica<\/strong> (M\u00e9xico: Editorial Fineo)<\/p>\n\n\n\n<p>Upcoming:<br><strong>As arquiteturas da civiliza\u00e7\u00e3o brasileira<\/strong><br><strong>An Essay on Love\/Ensayo sobre el amor<\/strong><\/p>\n\n\n\n<h2 class=\"wp-block-heading\">Editions<\/h2>\n\n\n\n<h3 class=\"wp-block-heading\">1972<\/h3>\n\n\n\n<p><strong>Siegfried Bernfeld, El psicoan\u00e1lisis y la educaci\u00f3n antiautoritaria<\/strong> (Barcelona: Barral Editores).<\/p>\n\n\n\n<h3 class=\"wp-block-heading\">1974<\/h3>\n\n\n\n<p><strong>Charles Fourier, La armon\u00eda pasional del nuevo mundo<\/strong>, Madrid: Taurus Ediciones.<\/p>\n\n\n\n<h3 class=\"wp-block-heading\">1985<\/h3>\n\n\n\n<p><strong>Jer\u00f3nimo Feijoo, Teatro cr\u00edtico, Ensayos filos\u00f3ficos<\/strong>, Barcelona: Ediciones Anthropos.<\/p>\n\n\n\n<h3 class=\"wp-block-heading\">1991<\/h3>\n\n\n\n<p><strong>Walter Benjamin, Para una cr\u00edtica de la violencia y otros ensayos<\/strong>, Madrid: Taurus Ediciones.<\/p>\n\n\n\n<h3 class=\"wp-block-heading\">2000<\/h3>\n\n\n\n<p><strong>Anatom\u00eda de la transici\u00f3n<\/strong> (Essays by Ch. Britt, J. Fern\u00e1ndez, R. Lamas, A.Medina, etc.), in: Quimera (n.188-189: Barcelona, March 2000).<\/p>\n\n\n\n<h3 class=\"wp-block-heading\">2002<\/h3>\n\n\n\n<p><strong>Intransiciones. Cr\u00edtica de la cultura espa\u00f1ola<\/strong> (Essays by A. Medina, R. Lamas, A.&nbsp;Fern\u00e1ndez Alba, C. Subirats R\u00fcggeberg, etc.) (Madrid: Biblioteca Nueva).<\/p>\n\n\n\n<h3 class=\"wp-block-heading\">2003<\/h3>\n\n\n\n<p><strong>Am\u00e9rico Castro y la revisi\u00f3n de la memoria. El Islam en Espa\u00f1a<\/strong> (Essays by J. Goytisolo, M.R. Menocal, F. Peters, Ch. Britt, etc.) (Madrid: Ediciones Libertarias)<\/p>\n\n\n\n<h3 class=\"wp-block-heading\">2004<\/h3>\n\n\n\n<p><strong>Am\u00e9rica latina y la Guerra global<\/strong> (Essays by Carlos Monsivais, Adolfo Gilly, Antonio Riserio, Erna von der Walde, Margarita Serje, Alejandro Moreano, etc. (M\u00e9xico DF: Fondo de Cultura Econ\u00f3mica, Tecnol\u00f3gico de Monterrey).<\/p>\n\n\n\n<h3 class=\"wp-block-heading\">2005<\/h3>\n\n\n\n<p><strong>Jos\u00e9 Mar\u00eda Blanco White. Modernidad y exilio en la cultura espa\u00f1ola<\/strong>, Essays by J.&nbsp;Goytisolo, L. Fern\u00e1nndez Cifuentes, L. Mann, S. Dittberner, S. Kirkpatrick, M.&nbsp;Murphy, etc.) (Barcelona: Anthropos, 2005).<\/p>\n\n\n\n<h3 class=\"wp-block-heading\">2006<\/h3>\n\n\n\n<p><strong>Contra la Tortura<\/strong>, Pilar Calveiro, Carlos Castresana, Rita L. Segato, Margarita Serje (M\u00e9xico: Erditorial Fineo).<\/p>\n\n\n\n<h3 class=\"wp-block-heading\">2009<\/h3>\n\n\n\n<p><strong><a href=\"http:\/\/intellectualsagainstacademics.blogspot.com\" target=\"_blank\" rel=\"noreferrer noopener\" aria-label=\"Intellectuals against Academics (opens in a new tab)\">Intellectuals against Academics<\/a><\/strong> (Danielle Carlo co-editor, Ch. Britt, A. Lozada, A. Hertel, J. Castillo, etc.).<\/p>\n\n\n\n<h3 class=\"wp-block-heading\">2011<\/h3>\n\n\n\n<p><strong>La era de Palomares Isabel \u00c1lvarez de Toledo<\/strong>, Juan Goytisolo, Jorge Castillo, Eduardo Subirats, (Barcelona: Editorial Viejo Topo).\n<br><strong>Esclarecimiento en una edad de destrucci\u00f3n<\/strong>, in: El Viejo Topo (Barcelona: August 2011, n. 282-283) (Texts by: Ch. Britt, Horst Kurnitzky, Danielle Carlo, Carlos Subirats, Lunden McDonald, Susanne Dittberner, etc.).<\/p>\n\n\n\n<h3 class=\"wp-block-heading\">2015<\/h3>\n\n\n\n<p><strong>Almanaque literario, n. 1<\/strong> (Guanajuato: Universidad de Guanajuato).<\/p>\n\n\n\n<h3 class=\"wp-block-heading\">2016<\/h3>\n\n\n\n<p><strong>Almanaque literario, n. 2<\/strong> (Guanajuato: Universidad de Guanajuato; Universidad de Chiapas)<\/p>\n\n\n\n<h3 class=\"wp-block-heading\">2017<\/h3>\n\n\n\n<p><strong>Circuit Circus<\/strong> (Valencia: Universitat de Valencia).<\/p>\n\n\n\n<h3 class=\"wp-block-heading\">2019<\/h3>\n\n\n\n<p><strong>1968. O Futuro do Passado<\/strong> (edited by Andr\u00e9 Cechinel and E. S.) (Editora UNESC- Crici\u00fama), Samuel Kruchin, Carmen Pinilla, Erna von der Walde, Leonidas Morales Toro, Olivia de Oliveira, Javier Corona, Andr\u00e9 Cechinel, Leca Kangussu, Eduardo Subirats, etc.<\/p>\n","protected":false},"excerpt":{"rendered":"<p>Books 1979 Figuras de la conciencia desdichada (Madrid: Taurus Ediciones) Contra la raz\u00f3n destructiva (Barcelona: Tusquets Editores) 1981 La ilustraci\u00f3n insuficiente (Madrid: Taurus Ediciones) 1983 El alma y la muerte, (Barcelona: Ediciones Anthropos) 1984 Da vanguarda ao p\u00f3s-moderno (S\u00e3o Paulo: Editora Nobel). Reprints 1985, 1987. Spanish version: La crisis de las vanguardias y la cultura [&hellip;]<\/p>\n","protected":false},"author":1,"featured_media":0,"parent":0,"menu_order":0,"comment_status":"closed","ping_status":"closed","template":"page-bibliography.php","meta":{"_acf_changed":false,"footnotes":""},"class_list":["post-33","page","type-page","status-publish","hentry"],"acf":[],"yoast_head":"<!-- This site is optimized with the Yoast SEO plugin v24.2 - https:\/\/yoast.com\/wordpress\/plugins\/seo\/ -->\n<title>Bibliografia | Eduardo Subirats<\/title>\n<meta name=\"robots\" content=\"index, follow, max-snippet:-1, max-image-preview:large, max-video-preview:-1\" \/>\n<link rel=\"canonical\" href=\"https:\/\/eduardosubirats.com\/es\/bibliografia\/\" \/>\n<meta property=\"og:locale\" content=\"es_ES\" \/>\n<meta property=\"og:type\" content=\"article\" \/>\n<meta property=\"og:title\" content=\"Bibliografia | Eduardo Subirats\" \/>\n<meta property=\"og:description\" content=\"Books 1979 Figuras de la conciencia desdichada (Madrid: Taurus Ediciones) Contra la raz\u00f3n destructiva (Barcelona: Tusquets Editores) 1981 La ilustraci\u00f3n insuficiente (Madrid: Taurus Ediciones) 1983 El alma y la muerte, (Barcelona: Ediciones Anthropos) 1984 Da vanguarda ao p\u00f3s-moderno (S\u00e3o Paulo: Editora Nobel). Reprints 1985, 1987. Spanish version: La crisis de las vanguardias y la cultura [&hellip;]\" \/>\n<meta property=\"og:url\" content=\"https:\/\/eduardosubirats.com\/es\/bibliografia\/\" \/>\n<meta property=\"og:site_name\" content=\"Eduardo Subirats\" \/>\n<meta property=\"article:modified_time\" content=\"2019-08-14T00:31:13+00:00\" \/>\n<meta property=\"og:image\" content=\"https:\/\/eduardosubirats.com\/wp-content\/uploads\/2019\/09\/share-eduardosubirats.png\" \/>\n\t<meta property=\"og:image:width\" content=\"600\" \/>\n\t<meta property=\"og:image:height\" content=\"600\" \/>\n\t<meta property=\"og:image:type\" content=\"image\/png\" \/>\n<meta name=\"twitter:card\" content=\"summary_large_image\" \/>\n<meta name=\"twitter:label1\" content=\"Est. reading time\" \/>\n\t<meta name=\"twitter:data1\" content=\"5 minutos\" \/>\n<script type=\"application\/ld+json\" class=\"yoast-schema-graph\">{\"@context\":\"https:\/\/schema.org\",\"@graph\":[{\"@type\":\"WebPage\",\"@id\":\"https:\/\/eduardosubirats.com\/es\/bibliografia\/\",\"url\":\"https:\/\/eduardosubirats.com\/es\/bibliografia\/\",\"name\":\"Bibliografia | Eduardo Subirats\",\"isPartOf\":{\"@id\":\"https:\/\/eduardosubirats.com\/#website\"},\"datePublished\":\"2019-08-14T00:27:52+00:00\",\"dateModified\":\"2019-08-14T00:31:13+00:00\",\"breadcrumb\":{\"@id\":\"https:\/\/eduardosubirats.com\/es\/bibliografia\/#breadcrumb\"},\"inLanguage\":\"es\",\"potentialAction\":[{\"@type\":\"ReadAction\",\"target\":[\"https:\/\/eduardosubirats.com\/es\/bibliografia\/\"]}]},{\"@type\":\"BreadcrumbList\",\"@id\":\"https:\/\/eduardosubirats.com\/es\/bibliografia\/#breadcrumb\",\"itemListElement\":[{\"@type\":\"ListItem\",\"position\":1,\"name\":\"Home\",\"item\":\"https:\/\/eduardosubirats.com\/es\/\"},{\"@type\":\"ListItem\",\"position\":2,\"name\":\"Bibliografia\"}]},{\"@type\":\"WebSite\",\"@id\":\"https:\/\/eduardosubirats.com\/#website\",\"url\":\"https:\/\/eduardosubirats.com\/\",\"name\":\"Eduardo Subirats\",\"description\":\"\",\"publisher\":{\"@id\":\"https:\/\/eduardosubirats.com\/#organization\"},\"potentialAction\":[{\"@type\":\"SearchAction\",\"target\":{\"@type\":\"EntryPoint\",\"urlTemplate\":\"https:\/\/eduardosubirats.com\/?s={search_term_string}\"},\"query-input\":{\"@type\":\"PropertyValueSpecification\",\"valueRequired\":true,\"valueName\":\"search_term_string\"}}],\"inLanguage\":\"es\"},{\"@type\":\"Organization\",\"@id\":\"https:\/\/eduardosubirats.com\/#organization\",\"name\":\"Eduardo Subirats\",\"url\":\"https:\/\/eduardosubirats.com\/\",\"logo\":{\"@type\":\"ImageObject\",\"inLanguage\":\"es\",\"@id\":\"https:\/\/eduardosubirats.com\/#\/schema\/logo\/image\/\",\"url\":\"https:\/\/eduardosubirats.com\/wp-content\/uploads\/2019\/08\/share-eduardosubirats.png\",\"contentUrl\":\"https:\/\/eduardosubirats.com\/wp-content\/uploads\/2019\/08\/share-eduardosubirats.png\",\"width\":600,\"height\":600,\"caption\":\"Eduardo Subirats\"},\"image\":{\"@id\":\"https:\/\/eduardosubirats.com\/#\/schema\/logo\/image\/\"}}]}<\/script>\n<!-- \/ Yoast SEO plugin. -->","yoast_head_json":{"title":"Bibliografia | Eduardo Subirats","robots":{"index":"index","follow":"follow","max-snippet":"max-snippet:-1","max-image-preview":"max-image-preview:large","max-video-preview":"max-video-preview:-1"},"canonical":"https:\/\/eduardosubirats.com\/es\/bibliografia\/","og_locale":"es_ES","og_type":"article","og_title":"Bibliografia | Eduardo Subirats","og_description":"Books 1979 Figuras de la conciencia desdichada (Madrid: Taurus Ediciones) Contra la raz\u00f3n destructiva (Barcelona: Tusquets Editores) 1981 La ilustraci\u00f3n insuficiente (Madrid: Taurus Ediciones) 1983 El alma y la muerte, (Barcelona: Ediciones Anthropos) 1984 Da vanguarda ao p\u00f3s-moderno (S\u00e3o Paulo: Editora Nobel). Reprints 1985, 1987. Spanish version: La crisis de las vanguardias y la cultura [&hellip;]","og_url":"https:\/\/eduardosubirats.com\/es\/bibliografia\/","og_site_name":"Eduardo Subirats","article_modified_time":"2019-08-14T00:31:13+00:00","og_image":[{"width":600,"height":600,"url":"https:\/\/eduardosubirats.com\/wp-content\/uploads\/2019\/09\/share-eduardosubirats.png","type":"image\/png"}],"twitter_card":"summary_large_image","twitter_misc":{"Est. reading time":"5 minutos"},"schema":{"@context":"https:\/\/schema.org","@graph":[{"@type":"WebPage","@id":"https:\/\/eduardosubirats.com\/es\/bibliografia\/","url":"https:\/\/eduardosubirats.com\/es\/bibliografia\/","name":"Bibliografia | Eduardo Subirats","isPartOf":{"@id":"https:\/\/eduardosubirats.com\/#website"},"datePublished":"2019-08-14T00:27:52+00:00","dateModified":"2019-08-14T00:31:13+00:00","breadcrumb":{"@id":"https:\/\/eduardosubirats.com\/es\/bibliografia\/#breadcrumb"},"inLanguage":"es","potentialAction":[{"@type":"ReadAction","target":["https:\/\/eduardosubirats.com\/es\/bibliografia\/"]}]},{"@type":"BreadcrumbList","@id":"https:\/\/eduardosubirats.com\/es\/bibliografia\/#breadcrumb","itemListElement":[{"@type":"ListItem","position":1,"name":"Home","item":"https:\/\/eduardosubirats.com\/es\/"},{"@type":"ListItem","position":2,"name":"Bibliografia"}]},{"@type":"WebSite","@id":"https:\/\/eduardosubirats.com\/#website","url":"https:\/\/eduardosubirats.com\/","name":"Eduardo Subirats","description":"","publisher":{"@id":"https:\/\/eduardosubirats.com\/#organization"},"potentialAction":[{"@type":"SearchAction","target":{"@type":"EntryPoint","urlTemplate":"https:\/\/eduardosubirats.com\/?s={search_term_string}"},"query-input":{"@type":"PropertyValueSpecification","valueRequired":true,"valueName":"search_term_string"}}],"inLanguage":"es"},{"@type":"Organization","@id":"https:\/\/eduardosubirats.com\/#organization","name":"Eduardo Subirats","url":"https:\/\/eduardosubirats.com\/","logo":{"@type":"ImageObject","inLanguage":"es","@id":"https:\/\/eduardosubirats.com\/#\/schema\/logo\/image\/","url":"https:\/\/eduardosubirats.com\/wp-content\/uploads\/2019\/08\/share-eduardosubirats.png","contentUrl":"https:\/\/eduardosubirats.com\/wp-content\/uploads\/2019\/08\/share-eduardosubirats.png","width":600,"height":600,"caption":"Eduardo Subirats"},"image":{"@id":"https:\/\/eduardosubirats.com\/#\/schema\/logo\/image\/"}}]}},"_links":{"self":[{"href":"https:\/\/eduardosubirats.com\/es\/wp-json\/wp\/v2\/pages\/33","targetHints":{"allow":["GET"]}}],"collection":[{"href":"https:\/\/eduardosubirats.com\/es\/wp-json\/wp\/v2\/pages"}],"about":[{"href":"https:\/\/eduardosubirats.com\/es\/wp-json\/wp\/v2\/types\/page"}],"author":[{"embeddable":true,"href":"https:\/\/eduardosubirats.com\/es\/wp-json\/wp\/v2\/users\/1"}],"replies":[{"embeddable":true,"href":"https:\/\/eduardosubirats.com\/es\/wp-json\/wp\/v2\/comments?post=33"}],"version-history":[{"count":3,"href":"https:\/\/eduardosubirats.com\/es\/wp-json\/wp\/v2\/pages\/33\/revisions"}],"predecessor-version":[{"id":37,"href":"https:\/\/eduardosubirats.com\/es\/wp-json\/wp\/v2\/pages\/33\/revisions\/37"}],"wp:attachment":[{"href":"https:\/\/eduardosubirats.com\/es\/wp-json\/wp\/v2\/media?parent=33"}],"curies":[{"name":"wp","href":"https:\/\/api.w.org\/{rel}","templated":true}]}}